{"id":1304,"date":"2025-12-12T17:37:42","date_gmt":"2025-12-12T08:37:42","guid":{"rendered":"https:\/\/stg.imizu-kanko.jp\/wordpress\/?page_id=1304"},"modified":"2026-04-21T17:17:33","modified_gmt":"2026-04-21T08:17:33","slug":"faq","status":"publish","type":"page","link":"https:\/\/www.imizu-kanko.jp\/en\/faq\/","title":{"rendered":"Frequently Asked Questions"},"content":{"rendered":"\n<section>\n        <div class=\"page-container page-faq\">\n      \n          <section id=\"shop-course\">\n                  <h2>Shops<\/h2>\n                  <dl class=\"b-accordion\">\n                    <dt>\n                      Are the opening hours and closing days of the listed shops up to date?\n                      <button class=\"b-acc-btn\"><span class=\"b-acc-plus\"><\/span><\/button>\n                    <\/dt>\n                    <dd class=\"b-acc-content\">\n                      <div class=\"faq-answer\">\n                        We strive to keep all shop information as up to date as possible, but details may change. We recommend checking the official website or contacting the shop directly before your visit.\n                      <\/div>\n                    <\/dd>\n                  <\/dl>\n                  <dl class=\"b-accordion\">\n                    <dt>\n                      Are there shops that can ship crab?\n                      <button class=\"b-acc-btn\"><span class=\"b-acc-plus\"><\/span><\/button>\n                    <\/dt>\n                    <dd class=\"b-acc-content\">\n                      <div class=\"faq-answer\">\n                        A. Yes, there are several shops in Imizu that offer direct shipping from their stores.<br>\n                        Please check the \u201cCrab\u201d and \u201cOrder available\u201d tags on the \u201cCuisine &#038; Souvenirs\u201d page.<br>\n                  <a href=\"\/spots\/?spots_tag%5B%5D=order-available&#038;spots_tag%5B%5D=crab&#038;spots_category=eat-and-shop\" class=\"ext-link ext-orange\" target=\"_blank\">\u3009\u201cCuisine &#038; Souvenirs\u201d List (Crab \/ Order available)<\/a>\n                      <\/div>\n                    <\/dd>\n                  <\/dl>\n                  <dl class=\"b-accordion\">\n                      <dt>\n                          Can you recommend sushi restaurants?\n                        <button class=\"b-acc-btn\"><span class=\"b-acc-plus\"><\/span><\/button>\n                      <\/dt>\n                      <dd class=\"b-acc-content\">\n                      <div class=\"faq-answer\">\n                          You can find them on the \u201cCuisine &#038; Souvenirs\u201d page.<br>\n                          Use the \u201cSushi\u201d tag to filter your search.<br>\n                      <a href=\"\/spots\/?spots_tag%5B%5D=sushi&#038;spots_category=eat-and-shop\" class=\"ext-link ext-orange\" target=\"_blank\">\u3009\u201cCuisine &#038; Souvenirs\u201d List (Sushi)<\/a>\n                        <\/div>\n                    <\/dd>\n                    <\/dl>\n      \n                    <dl class=\"b-accordion\">\n                      <dt>\n                          Are there hot springs?\n                        <button class=\"b-acc-btn\"><span class=\"b-acc-plus\"><\/span><\/button>\n                      <\/dt>\n                      <dd class=\"b-acc-content\">\n                      <div class=\"faq-answer\">\n                        Yes, there are day-use hot spring facilities available.\n                        Please refer to the list of day-use bathing facilities in Imizu below.\n                      <a href=\"\/spots\/?spots_tag%5B%5D=hot-spring&#038;spots_category=stay\" class=\"ext-link ext-orange\" target=\"_blank\">\u3009\u201cStay &#038; Relax\u201d List (Hot Spring)<\/a>\n                        <\/div>\n                    <\/dd>\n                    <\/dl>\n                <\/section>\n            \n                <section id=\"merchandise\">\n                  <h2>Products, Goods &#038; Local Specialties<\/h2>\n                  <dl class=\"b-accordion\">\n                    <dt>\n                        Where can I buy souvenirs unique to Imizu?\n                      <button class=\"b-acc-btn\"><span class=\"b-acc-plus\"><\/span><\/button>\n                    <\/dt>\n                    <dd class=\"b-acc-content\">\n                      <div class=\"faq-answer\">\n                        You can purchase them at Shinminato Kittokito Market (\u304d\u3063\u3068\u304d\u3068\u5e02\u5834), Roadside Station Marugoto Imizu (\u9053\u306e\u99c5\u307e\u308b\u3054\u3068\u5c04\u6c34), and Kawa no Eki Shinminato \uff08\u5ddd\u306e\u99c5\u65b0\u6e4a\uff09.\n                        Please see the pages below for more details.\n                      <a href=\"\/spots\/?spots_category=eat-and-shop\" class=\"ext-link ext-orange\" target=\"_blank\">\u3009\u201cCuisine &#038; Souvenirs\u201d List<\/a>\n                      <a href=\"\/imizu-unique\/imizu-specialties\" class=\"ext-link ext-orange\" target=\"_blank\">\u3009Imizu Gourmet &#038; Souvenirs<\/a>\n                      <\/div>\n                    <\/dd>\n                  <\/dl>\n                  <dl class=\"b-accordion\">\n                    <dt>\n                        Are there local products available for online order?\n                      <button class=\"b-acc-btn\"><span class=\"b-acc-plus\"><\/span><\/button>\n                    <\/dt>\n                    <dd class=\"b-acc-content\">\n                      <div class=\"faq-answer\">\n                        Please check products at shops with the \u201cOnline Order\u201d and \u201cSouvenirs\u201d tags on the \u201cCuisine &#038; Souvenirs\u201d page.\n                      <a href=\"\/spots\/?spots_tag%5B%5D=order-available&#038;spots_tag%5B%5D=souvenirs&#038;spots_category=eat-and-shop\" class=\"ext-link ext-orange\" target=\"_blank\">\u3009\u201cCuisine &#038; Souvenirs\u201d List (Order available \/ Souvenirs)<\/a>\n                      <\/div>\n                    <\/dd>\n                  <\/dl>\n                <\/section>\n            \n                <section id=\"access\">\n                  <h2>Access &#038; Transportation<\/h2>\n                  <dl class=\"b-accordion\">\n                    <dt>\n                      How can I get to tourist spots in Imizu?\n                      <button class=\"b-acc-btn\"><span class=\"b-acc-plus\"><\/span><\/button>\n                    <\/dt>\n                    <dd class=\"b-acc-content\">\n                      <div class=\"faq-answer\">\n                        The Access page includes a route search function for major tourist spots. Please make use of it.\n                      <a href=\"\/imizu-city\/access\" class=\"ext-link ext-orange\" target=\"_blank\">\u3009Access<\/a>\n                      <\/div>\n                    <\/dd>\n                  <\/dl>\n                  <dl class=\"b-accordion\">\n                    <dt>\n                        Where can I rent a bicycle?\n                      <button class=\"b-acc-btn\"><span class=\"b-acc-plus\"><\/span><\/button>\n                    <\/dt>\n                    <dd class=\"b-acc-content\">\n                      <div class=\"faq-answer\">\n                        Rental bicycles are available at four locations in the city: Shinminato Sightseeing Boat (\u65b0\u6e4a\u89b3\u5149\u8239), Kawa no Eki Shinminato (\u5ddd\u306e\u99c5\u65b0\u6e4a), Cross Bay Shinminato (\u30af\u30ed\u30b9\u30d9\u30a4\u65b0\u6e4a), and Imizu Tourist Information Center (\u3044\u307f\u305a\u89b3\u5149\u60c5\u5831\u9928).\n                        Please check the rental bicycle page for details.\n                      <a href=\"\/spots\/bicycle-rental\" class=\"ext-link ext-orange\" target=\"_blank\">\u3009Rental Bicycle<\/a>\n                      <\/div>\n                    <\/dd>\n                  <\/dl>\n                  <dl class=\"b-accordion\">\n                      <dt>\n                        How can I make a reservation for \u201cBaygurun\u201d?\n                        <button class=\"b-acc-btn\"><span class=\"b-acc-plus\"><\/span><\/button>\n                      <\/dt>\n                      <dd class=\"b-acc-content\">\n                      <div class=\"faq-answer\">\n                          Reservations can be made from 6 days before the boarding date up to 30 minutes before departure. Please book by phone (+81-766-82-6278), via the dedicated app \u201cKnowRoute\u201d, or through the Imizu City official LINE account.\n                          <a href=\"https:\/\/www.city.imizu.toyama.jp\/guide\/svGuideDtl.aspx?servno=48995\" class=\"ext-link ext-orange\" target=\"_blank\">\u3009Learn More<\/a>\n                        <\/div>\n                    <\/dd>\n                    <\/dl>\n                    <dl class=\"b-accordion\">\n                      <dt>\n                        How can I make a reservation for \u201cBaycart\u201d?\n                        <button class=\"b-acc-btn\"><span class=\"b-acc-plus\"><\/span><\/button>\n                      <\/dt>\n                      <dd class=\"b-acc-content\">\n                      <div class=\"faq-answer\">\n                          Please check availability and make a reservation by phone (Cross Bay Shinminato: +81-766-84-9600) or via <a href=\"https:\/\/www.jalan.net\/kankou\/spt_guide000000223609\/?screenId=OUW3701&#038;rootCd=3\" class=\"ext-link ext-orange\" target=\"_blank\" style=\"display:inline\">Jalan<\/a><\/div>\n                    <\/dd>\n                    <\/dl>\n                    <dl class=\"b-accordion\">\n                      <dt>\n                        I would like to use a taxi.\n                        <button class=\"b-acc-btn\"><span class=\"b-acc-plus\"><\/span><\/button>\n                      <\/dt>\n                      <dd class=\"b-acc-content\">\n                      <div class=\"faq-answer\">\n                        The number of taxis available at stations and public facilities is limited. We recommend making a reservation in advance.\n                          <br>Kosugi Taxi Co., Ltd (\u5c0f\u6749\u30bf\u30af\u30b7\u30fc). (+81-766-55-1234)\n                          <br>Kai\u014d K\u014dts\u016b Co., Ltd \uff08\u6d77\u738b\u4ea4\u901a\uff09. (+81-766-82-6226)<\/div>\n                    <\/dd>\n                    <\/dl>\n                    <dl class=\"b-accordion\">\n                      <dt>\n                          Where can I find parking information?\n                        <button class=\"b-acc-btn\"><span class=\"b-acc-plus\"><\/span><\/button>\n                      <\/dt>\n                      <dd class=\"b-acc-content\">\n                      <div class=\"faq-answer\">\n                        Please use the parking lot \n                          <a href=\"https:\/\/crossbay-shinminato.jp\/\" class=\"ext-link ext-orange\" target=\"_blank\" style=\"display:inline\">at Imizu City Tourism Exchange Center Cross Bay Shinminato<\/a> (150 spaces). (First 4 hours free, then 100 yen per hour, maximum 500 yen for 24 hours)<br>\n                          Other parking lots are available below, but as spaces are limited, we recommend using the Cross Bay Shinminato parking lot.\n                            <ul>\n                            <li>Kawa no Eki Shinminato Parking Lot No.1 (\u5ddd\u306e\u99c5\u65b0\u6e4a\u7b2c1\u99d0\u8eca\u5834) (5 spaces)<\/li>\n                            <li>Kawa no Eki Shinminato Parking Lot No.2 (\u5ddd\u306e\u99c5\u65b0\u6e4a\u7b2c2\u99d0\u8eca\u5834) (14 spaces)<\/li>\n                            <li>Sannomachi Park Temporary Parking Lot (\u5c71\u738b\u753a\u516c\u5712\u81e8\u6642\u99d0\u8eca\u5834) (8 spaces)<\/li>\n                            <li>Nagomachi Parking Lot (\u5948\u5449\u753a\u99d0\u8eca\u5834) (17 spaces)<\/li>\n                            <\/ul>\n                            <a href=\"https:\/\/www.city.imizu.toyama.jp\/guide\/svGuideDtl.aspx?servno=48325\" class=\"ext-link ext-orange\" target=\"_blank\">\u3009Learn More<\/a>\n                            For bus access and business use, please refer to the page below.\n                          <a href=\"\/for-business\" class=\"ext-link ext-orange\" target=\"_blank\">\u3009For Businesses<\/a>  <\/div>\n                    <\/dd>\n                    <\/dl>\n                <\/section>\n            \n                <section id=\"visit-stay\">\n                  <h2>Sightseeing, Experiences, Facilities &#038; Accommodation\n                  <\/h2>\n                  <dl class=\"b-accordion\">\n                    <dt>\n                      Where can I enjoy hands-on activities?\n                      <button class=\"b-acc-btn\"><span class=\"b-acc-plus\"><\/span><\/button>\n                    <\/dt>\n                    <dd class=\"b-acc-content\">\n                      <div class=\"faq-answer\">\n                        You can enjoy experiences such as sushi-making and pottery workshops.\n                      <a href=\"\/spots\/?spots_category=activities\" class=\"ext-link ext-orange\" target=\"_blank\">\u3009\u201cExplore &#038; Experience\u201d List<\/a>\n                      <a href=\"\/imizu-unique\/experience\/\" class=\"ext-link ext-orange\" target=\"_blank\">\u3009Activities in Imizu<\/a>\n                      <\/div>\n                    <\/dd>\n                  <\/dl>\n                  <dl class=\"b-accordion\">\n                    <dt>\n                        Can I book accommodations through this website?\n                      <button class=\"b-acc-btn\"><span class=\"b-acc-plus\"><\/span><\/button>\n                    <\/dt>\n                    <dd class=\"b-acc-content\">\n                      <div class=\"faq-answer\">\n                        Reservations cannot be made on this site. However, accommodation facilities are listed on the \u201cStay &#038; Relax\u201d page. Please refer to the contact information provided for each facility.\n                      <a href=\"\/spots\/?spots_category=stay\" class=\"ext-link ext-orange\" target=\"_blank\">\u3009\u201cStay &#038; Relax\u201d List<\/a>\n                      <\/div>\n                    <\/dd>\n                  <\/dl>\n                <\/section>\n            \n                <section id=\"guide-brochure\">\n                  <h2>Tour Guides &#038; Brochures<\/h2>\n                  <dl class=\"b-accordion\">\n                    <dt>\n                      Can I request a tour guide in Imizu?\n                      <button class=\"b-acc-btn\"><span class=\"b-acc-plus\"><\/span><\/button>\n                    <\/dt>\n                    <dd class=\"b-acc-content\">\n                      <div class=\"faq-answer\">\n                        Yes, you can book volunteer tour guides who provide guidance within the city.\n                        Please note that guides are generally available in Japanese only.\n                      <a href=\"\/imizu-city\/tour-guide\" class=\"ext-link ext-orange\" target=\"_blank\">\u3009Tour Guide Information<\/a>\n                      <\/div>\n                    <\/dd>\n                  <\/dl>\n                  <dl class=\"b-accordion\">\n                      <dt>\n                        Can you send me a brochure?\n                        <button class=\"b-acc-btn\"><span class=\"b-acc-plus\"><\/span><\/button>\n                      <\/dt>\n                      <dd class=\"b-acc-content\">\n                      <div class=\"faq-answer\">\n                        Please contact us via the inquiry form or by phone. You can also view and print brochures in PDF format on the brochure page.\n                         <a href=\"\/imizu-unique\/brochures\" class=\"ext-link ext-orange\" target=\"_blank\">\u3009Brochures<\/a>\n                        <\/div>\n                    <\/dd>\n                    <\/dl>\n                <\/section>\n            \n                <section id=\"site\">\n                  <h2>Website Information<\/h2>\n                  <dl class=\"b-accordion\">\n                    <dt>\n                      Can I use photos from this website?\n                      <button class=\"b-acc-btn\"><span class=\"b-acc-plus\"><\/span><\/button>\n                    <\/dt>\n                    <dd class=\"b-acc-content\">\n                      <div class=\"faq-answer\">\n                        We will review your intended use and provide the image data accordingly. Please submit your request via the inquiry form. (Please note that, depending on the purpose or requested images, usage may not be permitted.)\n                      <a href=\"\/photolibrary\" class=\"ext-link ext-orange\" target=\"_blank\">\u3009Photo Library<\/a>\n                      <\/div>\n                    <\/dd>\n                  <\/dl>\n                  <dl class=\"b-accordion\">\n                      <dt>\n                        Where should I report corrections to the information on this site?\n                        <button class=\"b-acc-btn\"><span class=\"b-acc-plus\"><\/span><\/button>\n                      <\/dt>\n                      <dd class=\"b-acc-content\">\n                      <div class=\"faq-answer\">\n                        Please contact the Imizu Tourism Association.\n                        <a href=\"\/contact\" class=\"ext-link ext-orange\" target=\"_blank\">\u3009Inquiry<\/a>\n                        <\/div>\n                    <\/dd>\n                  <\/dl>\n                <\/section>\n            \n                <section id=\"others\">\n                  <h2>Other<\/h2>\n                  <dl class=\"b-accordion\">\n                    <dt>\n                      Are there coin lockers available?\n                      <button class=\"b-acc-btn\"><span class=\"b-acc-plus\"><\/span><\/button>\n                    <\/dt>\n                    <dd class=\"b-acc-content\">\n                      <div class=\"faq-answer\">\n                        A. UCoin lockers are not available, but luggage storage is provided at Cross Bay Shinminato.Please make a reservation via the website below.\n                        <a href=\"https:\/\/cloak.ecbo.io\/space\/kpI38xJm\" class=\"ext-link ext-orange\" target=\"_blank\">\u3009Reservation Site<\/a>\n                        Service hours are from 9:00 AM to 9:00 PM (up to 12 hours).\n                        Fees are 500 yen per item and 800 yen per suitcase.\n                        <\/div>\n                    <\/dd>\n                  <\/dl>\n                  <dl class=\"b-accordion\">\n                      <dt>\n                        Are there Wi-Fi spots nearby?\n                        <button class=\"b-acc-btn\"><span class=\"b-acc-plus\"><\/span><\/button>\n                      <\/dt>\n                      <dd class=\"b-acc-content\">\n                      <div class=\"faq-answer\">\n                        \u201cIMIZU Free Wi-Fi\u201d is available at Shinminato Fishing Port (\u65b0\u6e4a\u6f01\u6e2f), Kawa no Eki Shinminato (\u5ddd\u306e\u99c5\u65b0\u6e4a), Azuma Bridge (Uchikawa River)(\u6771\u6a4b\uff08\u5185\u5ddd\uff09), and Cross Bay Shinminato (\u30af\u30ed\u30b9\u30d9\u30a4\u65b0\u6e4a). \u201cTOYAMA Free Wi-Fi\u201d is also available at Ainokaze Toyama Railway Etchu-Daimon Station (\u3042\u3044\u306e\u98a8\u3068\u3084\u307e\u9244\u9053 \u8d8a\u4e2d\u5927\u9580\u99c5), Kosugi Station (\u5c0f\u6749\u99c5), and Kaiwomaru Park (\u6d77\u738b\u4e38\u30d1\u30fc\u30af).\n                        <\/div>\n                    <\/dd>\n                    <\/dl>  \n                <\/section>      \n        <\/div>\n      <\/section>\n\n\n\n<p><\/p>\n","protected":false},"excerpt":{"rendered":"<p>Shops Are the opening hours and closing days of the listed shops up to date? We strive to keep all shop inform [&hellip;]<\/p>\n","protected":false},"author":1,"featured_media":4738,"parent":0,"menu_order":20,"comment_status":"closed","ping_status":"closed","template":"page-faq.php","meta":{"_acf_changed":false,"footnotes":""},"class_list":["post-1304","page","type-page","status-publish","has-post-thumbnail","hentry"],"acf":[],"aioseo_notices":[],"_links":{"self":[{"href":"https:\/\/www.imizu-kanko.jp\/en\/wp-json\/wp\/v2\/pages\/1304","targetHints":{"allow":["GET"]}}],"collection":[{"href":"https:\/\/www.imizu-kanko.jp\/en\/wp-json\/wp\/v2\/pages"}],"about":[{"href":"https:\/\/www.imizu-kanko.jp\/en\/wp-json\/wp\/v2\/types\/page"}],"author":[{"embeddable":true,"href":"https:\/\/www.imizu-kanko.jp\/en\/wp-json\/wp\/v2\/users\/1"}],"replies":[{"embeddable":true,"href":"https:\/\/www.imizu-kanko.jp\/en\/wp-json\/wp\/v2\/comments?post=1304"}],"version-history":[{"count":46,"href":"https:\/\/www.imizu-kanko.jp\/en\/wp-json\/wp\/v2\/pages\/1304\/revisions"}],"predecessor-version":[{"id":4727,"href":"https:\/\/www.imizu-kanko.jp\/en\/wp-json\/wp\/v2\/pages\/1304\/revisions\/4727"}],"wp:featuredmedia":[{"embeddable":true,"href":"https:\/\/www.imizu-kanko.jp\/en\/wp-json\/wp\/v2\/media\/4738"}],"wp:attachment":[{"href":"https:\/\/www.imizu-kanko.jp\/en\/wp-json\/wp\/v2\/media?parent=1304"}],"curies":[{"name":"wp","href":"https:\/\/api.w.org\/{rel}","templated":true}]}}